{"id":103,"date":"2023-01-07T15:46:56","date_gmt":"2023-01-07T15:46:56","guid":{"rendered":"https:\/\/datacreak.com\/?page_id=103"},"modified":"2023-01-15T10:49:39","modified_gmt":"2023-01-15T10:49:39","slug":"portfolio","status":"publish","type":"page","link":"https:\/\/datacreak.com\/index.php\/portfolio\/","title":{"rendered":"Portfolio"},"content":{"rendered":"\n<p>Bienvenido a Data Creak. Somos una empresa emergente radicada en Espa\u00f1a que re\u00fane la experiencia de profesionales de diferentes disciplinas enfocadas en desarrollar soluciones para ayudar a nuestros clientes a adoptar el nuevo paradigma digital de negocios.<\/p>\n\n\n\n<p>Puede contar con nuestros servicios para:<\/p>\n\n\n\n<p><br><strong>Automatizar  y optimizar la comunicaci\u00f3n con sus clientes<br><\/strong>\u2981 Despliegue de soluciones de asistente virtual de \u00faltima generaci\u00f3n<\/p>\n\n\n\n<p><\/p>\n\n\n\n<p><strong>Gestiona la informaci\u00f3n para mejorar tu toma de decisiones<br><\/strong>\u2981 Consultor\u00eda de software en ciencia de datos<br>\u2981 Consultor\u00eda en metodolog\u00eda para proyectos de investigaci\u00f3n.<br>\u2981 Consultor\u00eda en an\u00e1lisis estad\u00edstico descriptivo e inferencial<br>\u2981 Consultor\u00eda en an\u00e1lisis cualitativo<\/p>\n\n\n\n<p>Ofrecemos a todos nuestros clientes una atenci\u00f3n personalizada adaptada a sus necesidades.<\/p>\n","protected":false},"excerpt":{"rendered":"<p>Bienvenido a Data Creak. Somos una empresa emergente radicada en Espa\u00f1a que re\u00fane la experiencia de profesionales de diferentes disciplinas enfocadas en desarrollar soluciones para ayudar a nuestros clientes a adoptar el nuevo paradigma digital de negocios. Puede contar con nuestros servicios para: Automatizar y optimizar la comunicaci\u00f3n con sus clientes\u2981 Despliegue de soluciones de&hellip;&nbsp;<a href=\"https:\/\/datacreak.com\/index.php\/portfolio\/\" class=\"\" rel=\"bookmark\">Read More &raquo;<span class=\"screen-reader-text\">Portfolio<\/span><\/a><\/p>\n","protected":false},"author":1,"featured_media":0,"parent":0,"menu_order":0,"comment_status":"closed","ping_status":"closed","template":"","meta":{"om_disable_all_campaigns":false,"_monsterinsights_skip_tracking":false,"_monsterinsights_sitenote_active":false,"_monsterinsights_sitenote_note":"","_monsterinsights_sitenote_category":0,"neve_meta_sidebar":"","neve_meta_container":"","neve_meta_enable_content_width":"","neve_meta_content_width":0,"neve_meta_title_alignment":"","neve_meta_author_avatar":"","neve_post_elements_order":"","neve_meta_disable_header":"","neve_meta_disable_footer":"","neve_meta_disable_title":"","footnotes":""},"class_list":["post-103","page","type-page","status-publish","hentry"],"aioseo_notices":[],"_links":{"self":[{"href":"https:\/\/datacreak.com\/index.php\/wp-json\/wp\/v2\/pages\/103","targetHints":{"allow":["GET"]}}],"collection":[{"href":"https:\/\/datacreak.com\/index.php\/wp-json\/wp\/v2\/pages"}],"about":[{"href":"https:\/\/datacreak.com\/index.php\/wp-json\/wp\/v2\/types\/page"}],"author":[{"embeddable":true,"href":"https:\/\/datacreak.com\/index.php\/wp-json\/wp\/v2\/users\/1"}],"replies":[{"embeddable":true,"href":"https:\/\/datacreak.com\/index.php\/wp-json\/wp\/v2\/comments?post=103"}],"version-history":[{"count":3,"href":"https:\/\/datacreak.com\/index.php\/wp-json\/wp\/v2\/pages\/103\/revisions"}],"predecessor-version":[{"id":114,"href":"https:\/\/datacreak.com\/index.php\/wp-json\/wp\/v2\/pages\/103\/revisions\/114"}],"wp:attachment":[{"href":"https:\/\/datacreak.com\/index.php\/wp-json\/wp\/v2\/media?parent=103"}],"curies":[{"name":"wp","href":"https:\/\/api.w.org\/{rel}","templated":true}]}}