{"id":156,"date":"2023-06-06T17:46:36","date_gmt":"2023-06-06T17:46:36","guid":{"rendered":"https:\/\/datacreak.com\/?page_id=156"},"modified":"2023-06-06T17:46:36","modified_gmt":"2023-06-06T17:46:36","slug":"ciencia-de-datos","status":"publish","type":"page","link":"https:\/\/datacreak.com\/index.php\/ciencia-de-datos\/","title":{"rendered":"Ciencia de Datos"},"content":{"rendered":"\n<p>El gerenciamiento de toda empresa se basa en la toma de decisiones y es esencial que estas est\u00e9n fundamentadas en el conocimiento que la direcci\u00f3n tenga sobre su empresa y los desaf\u00edos que debe enfrentar<\/p>\n\n\n\n<p>Las empresas constantemente producen datos que suelen ser generados por los diferentes sistemas con los que cuenta en su estructura como, por ejemplo, las aplicaciones en la nube, comercio electr\u00f3nico, sistemas de monitoreo, etc. Ellos son valiosos porque al ser analizados posibilitan generar informaci\u00f3n estrat\u00e9gica y el an\u00e1lisis que propone la ciencia de se orienta a hallar regularidades o patrones, y poder predecir resultados.&nbsp;<\/p>\n\n\n\n<p>Para facilitar la implementaci\u00f3n del m\u00e9todo de ciencia de datos en contextos empresarial existen plataformas de Ciencia de Datos, es decir, software por medio de lo que este es accesible en escenarios diversos como, por ejemplo, un negocio minorista, una f\u00e1brica o un laboratorio experimental.<\/p>\n\n\n\n<figure class=\"wp-block-image size-large\"><img loading=\"lazy\" decoding=\"async\" width=\"1024\" height=\"618\" src=\"https:\/\/datacreak.com\/wp-content\/uploads\/2022\/10\/brain-3535300_1280-1024x618.jpeg\" alt=\"\" class=\"wp-image-63\" srcset=\"https:\/\/datacreak.com\/wp-content\/uploads\/2022\/10\/brain-3535300_1280-1024x618.jpeg 1024w, https:\/\/datacreak.com\/wp-content\/uploads\/2022\/10\/brain-3535300_1280-300x181.jpeg 300w, https:\/\/datacreak.com\/wp-content\/uploads\/2022\/10\/brain-3535300_1280-768x463.jpeg 768w, https:\/\/datacreak.com\/wp-content\/uploads\/2022\/10\/brain-3535300_1280-18x12.jpeg 18w, https:\/\/datacreak.com\/wp-content\/uploads\/2022\/10\/brain-3535300_1280.jpeg 1280w\" sizes=\"auto, (max-width: 1024px) 100vw, 1024px\" \/><\/figure>\n","protected":false},"excerpt":{"rendered":"<p>El gerenciamiento de toda empresa se basa en la toma de decisiones y es esencial que estas est\u00e9n fundamentadas en el conocimiento que la direcci\u00f3n tenga sobre su empresa y los desaf\u00edos que debe enfrentar Las empresas constantemente producen datos que suelen ser generados por los diferentes sistemas con los que cuenta en su estructura&hellip;&nbsp;<a href=\"https:\/\/datacreak.com\/index.php\/ciencia-de-datos\/\" class=\"\" rel=\"bookmark\">Read More &raquo;<span class=\"screen-reader-text\">Ciencia de Datos<\/span><\/a><\/p>\n","protected":false},"author":1,"featured_media":0,"parent":0,"menu_order":0,"comment_status":"closed","ping_status":"closed","template":"","meta":{"om_disable_all_campaigns":false,"_monsterinsights_skip_tracking":false,"_monsterinsights_sitenote_active":false,"_monsterinsights_sitenote_note":"","_monsterinsights_sitenote_category":0,"neve_meta_sidebar":"","neve_meta_container":"","neve_meta_enable_content_width":"","neve_meta_content_width":0,"neve_meta_title_alignment":"","neve_meta_author_avatar":"","neve_post_elements_order":"","neve_meta_disable_header":"","neve_meta_disable_footer":"","neve_meta_disable_title":"","footnotes":""},"class_list":["post-156","page","type-page","status-publish","hentry"],"aioseo_notices":[],"_links":{"self":[{"href":"https:\/\/datacreak.com\/index.php\/wp-json\/wp\/v2\/pages\/156","targetHints":{"allow":["GET"]}}],"collection":[{"href":"https:\/\/datacreak.com\/index.php\/wp-json\/wp\/v2\/pages"}],"about":[{"href":"https:\/\/datacreak.com\/index.php\/wp-json\/wp\/v2\/types\/page"}],"author":[{"embeddable":true,"href":"https:\/\/datacreak.com\/index.php\/wp-json\/wp\/v2\/users\/1"}],"replies":[{"embeddable":true,"href":"https:\/\/datacreak.com\/index.php\/wp-json\/wp\/v2\/comments?post=156"}],"version-history":[{"count":1,"href":"https:\/\/datacreak.com\/index.php\/wp-json\/wp\/v2\/pages\/156\/revisions"}],"predecessor-version":[{"id":157,"href":"https:\/\/datacreak.com\/index.php\/wp-json\/wp\/v2\/pages\/156\/revisions\/157"}],"wp:attachment":[{"href":"https:\/\/datacreak.com\/index.php\/wp-json\/wp\/v2\/media?parent=156"}],"curies":[{"name":"wp","href":"https:\/\/api.w.org\/{rel}","templated":true}]}}