{"id":160,"date":"2023-06-11T17:42:51","date_gmt":"2023-06-11T17:42:51","guid":{"rendered":"https:\/\/datacreak.com\/?page_id=160"},"modified":"2023-06-11T17:42:52","modified_gmt":"2023-06-11T17:42:52","slug":"transformacion-digital","status":"publish","type":"page","link":"https:\/\/datacreak.com\/index.php\/transformacion-digital\/","title":{"rendered":"Transformaci\u00f3n Digital"},"content":{"rendered":"\n<p>Los avances tecnol\u00f3gicos de las \u00faltimas d\u00e9cadas han impuesto cambios significativos en la manera en la que nos comunicamos y relacionamos unos con otros y ha afectado por supuesto a la manera en la que trabajamos y realizamos negocios.&nbsp;<\/p>\n\n\n\n<p>Los consumidores de hoy son diferente a los de hace apenas unos pocos a\u00f1os y cambian vertiginosamente junto a los \u00faltimos avances digitales. Esto obliga a las organizaciones a volverse mas &#8220;\u00e1giles&#8221; para adaptarse a un mundo en cambio permanente y m\u00e1s &#8220;inteligentes&#8221; para poder enfocar los recursos disponibles en el negocio, es aqu\u00ed donde radica la necesidad de transformar las organizaciones en organizaciones digitales. &nbsp;<\/p>\n\n\n\n<p>La transformaci\u00f3n digital implica una revisi\u00f3n profunda de los procesos, las habilidades, las estructuras y la cultura de una organizaci\u00f3n para adaptarse y aprovechar plenamente las oportunidades digitales. Hoy d\u00eda esto implica adoptar un paradigma digital que incluye tecnolog\u00edas y conceptos c\u00f3mo la inteligencia artificial, el an\u00e1lisis de datos, la nube, la automatizaci\u00f3n, el internet de las cosas y otras soluciones.<\/p>\n\n\n\n<p>A fin de colaborar con esta visi\u00f3n Data Creak provee productos y servicios orientados a asistir a las organizaciones en este viaje en t\u00f3picos tales como:<\/p>\n\n\n\n<ul class=\"wp-block-list\">\n<li>Digitalizaci\u00f3n de procesos<\/li>\n<\/ul>\n\n\n\n<ul class=\"wp-block-list\">\n<li>Experiencia del cliente personalizada<\/li>\n<\/ul>\n\n\n\n<ul class=\"wp-block-list\">\n<li>Toma de decisiones basada en datos<\/li>\n<\/ul>\n\n\n\n<ul class=\"wp-block-list\">\n<li>Innovaci\u00f3n y agilidad<\/li>\n<\/ul>\n\n\n\n<ul class=\"wp-block-list\">\n<li>Colaboraci\u00f3n y trabajo en red<\/li>\n<\/ul>\n\n\n\n<ul class=\"wp-block-list\">\n<li>Cultura y habilidades digitales<\/li>\n<\/ul>\n\n\n\n<p>La transformaci\u00f3n digital es un proceso continuo y en constante evoluci\u00f3n y existen tantos caminos como organizaciones distintas. Cuente con Data Creak como su socio de confianza.<\/p>\n","protected":false},"excerpt":{"rendered":"<p>Los avances tecnol\u00f3gicos de las \u00faltimas d\u00e9cadas han impuesto cambios significativos en la manera en la que nos comunicamos y relacionamos unos con otros y ha afectado por supuesto a la manera en la que trabajamos y realizamos negocios.&nbsp; Los consumidores de hoy son diferente a los de hace apenas unos pocos a\u00f1os y cambian&hellip;&nbsp;<a href=\"https:\/\/datacreak.com\/index.php\/transformacion-digital\/\" class=\"\" rel=\"bookmark\">Read More &raquo;<span class=\"screen-reader-text\">Transformaci\u00f3n Digital<\/span><\/a><\/p>\n","protected":false},"author":1,"featured_media":0,"parent":0,"menu_order":0,"comment_status":"closed","ping_status":"closed","template":"","meta":{"om_disable_all_campaigns":false,"_monsterinsights_skip_tracking":false,"_monsterinsights_sitenote_active":false,"_monsterinsights_sitenote_note":"","_monsterinsights_sitenote_category":0,"neve_meta_sidebar":"","neve_meta_container":"","neve_meta_enable_content_width":"","neve_meta_content_width":0,"neve_meta_title_alignment":"","neve_meta_author_avatar":"","neve_post_elements_order":"","neve_meta_disable_header":"","neve_meta_disable_footer":"","neve_meta_disable_title":"","footnotes":""},"class_list":["post-160","page","type-page","status-publish","hentry"],"aioseo_notices":[],"_links":{"self":[{"href":"https:\/\/datacreak.com\/index.php\/wp-json\/wp\/v2\/pages\/160","targetHints":{"allow":["GET"]}}],"collection":[{"href":"https:\/\/datacreak.com\/index.php\/wp-json\/wp\/v2\/pages"}],"about":[{"href":"https:\/\/datacreak.com\/index.php\/wp-json\/wp\/v2\/types\/page"}],"author":[{"embeddable":true,"href":"https:\/\/datacreak.com\/index.php\/wp-json\/wp\/v2\/users\/1"}],"replies":[{"embeddable":true,"href":"https:\/\/datacreak.com\/index.php\/wp-json\/wp\/v2\/comments?post=160"}],"version-history":[{"count":1,"href":"https:\/\/datacreak.com\/index.php\/wp-json\/wp\/v2\/pages\/160\/revisions"}],"predecessor-version":[{"id":161,"href":"https:\/\/datacreak.com\/index.php\/wp-json\/wp\/v2\/pages\/160\/revisions\/161"}],"wp:attachment":[{"href":"https:\/\/datacreak.com\/index.php\/wp-json\/wp\/v2\/media?parent=160"}],"curies":[{"name":"wp","href":"https:\/\/api.w.org\/{rel}","templated":true}]}}