{"id":76,"date":"2022-12-29T17:15:35","date_gmt":"2022-12-29T17:15:35","guid":{"rendered":"https:\/\/datacreak.com\/?page_id=76"},"modified":"2023-06-01T14:44:01","modified_gmt":"2023-06-01T14:44:01","slug":"smart-virtual-assistant","status":"publish","type":"page","link":"https:\/\/datacreak.com\/index.php\/smart-virtual-assistant\/","title":{"rendered":"Asistentes Virtuales Inteligentes"},"content":{"rendered":"\n<p>Un asistente virtual inteligente es un programa inform\u00e1tico avanzado que utiliza las tecnolog\u00edas combinadas de aprendizaje autom\u00e1tico, reconocimiento de voz y procesamiento de lenguaje natural, gracias a las cuales puede procesar, comprender, aprender y responder de forma natural a las expresiones de los usuarios.<\/p>\n\n\n\n<p style=\"font-size:24px\"><br><strong>Y dentro de sus capacidades, el asistente virtual inteligente puede\u2026<\/strong><\/p>\n\n\n\n<p class=\"has-nv-text-dark-bg-color has-nv-dark-bg-background-color has-text-color has-background\"><br><strong>\u2022 Habilitar<\/strong> <strong> interfaces conversacionales y digitales con o sin botones o menues<br>\u2022 Comprender y responder a expresiones complejas del usuario.<br>\u2022 Tener conversaciones coloquiales.<br>\u2022 Comprender las m\u00faltiples intenciones del usuario en una misma declaraci\u00f3n.<br>\u2022 Mantener y reanudar la conversaci\u00f3n.<\/strong><\/p>\n\n\n\n<p><br>Y m\u00e1s.<\/p>\n","protected":false},"excerpt":{"rendered":"<p>Un asistente virtual inteligente es un programa inform\u00e1tico avanzado que utiliza las tecnolog\u00edas combinadas de aprendizaje autom\u00e1tico, reconocimiento de voz y procesamiento de lenguaje natural, gracias a las cuales puede procesar, comprender, aprender y responder de forma natural a las expresiones de los usuarios. Y dentro de sus capacidades, el asistente virtual inteligente puede\u2026 \u2022&hellip;&nbsp;<a href=\"https:\/\/datacreak.com\/index.php\/smart-virtual-assistant\/\" class=\"\" rel=\"bookmark\">Read More &raquo;<span class=\"screen-reader-text\">Asistentes Virtuales Inteligentes<\/span><\/a><\/p>\n","protected":false},"author":1,"featured_media":63,"parent":0,"menu_order":0,"comment_status":"closed","ping_status":"closed","template":"","meta":{"om_disable_all_campaigns":false,"_monsterinsights_skip_tracking":false,"_monsterinsights_sitenote_active":false,"_monsterinsights_sitenote_note":"","_monsterinsights_sitenote_category":0,"neve_meta_sidebar":"","neve_meta_container":"","neve_meta_enable_content_width":"","neve_meta_content_width":0,"neve_meta_title_alignment":"","neve_meta_author_avatar":"","neve_post_elements_order":"","neve_meta_disable_header":"","neve_meta_disable_footer":"","neve_meta_disable_title":"","footnotes":""},"class_list":["post-76","page","type-page","status-publish","has-post-thumbnail","hentry"],"aioseo_notices":[],"_links":{"self":[{"href":"https:\/\/datacreak.com\/index.php\/wp-json\/wp\/v2\/pages\/76","targetHints":{"allow":["GET"]}}],"collection":[{"href":"https:\/\/datacreak.com\/index.php\/wp-json\/wp\/v2\/pages"}],"about":[{"href":"https:\/\/datacreak.com\/index.php\/wp-json\/wp\/v2\/types\/page"}],"author":[{"embeddable":true,"href":"https:\/\/datacreak.com\/index.php\/wp-json\/wp\/v2\/users\/1"}],"replies":[{"embeddable":true,"href":"https:\/\/datacreak.com\/index.php\/wp-json\/wp\/v2\/comments?post=76"}],"version-history":[{"count":5,"href":"https:\/\/datacreak.com\/index.php\/wp-json\/wp\/v2\/pages\/76\/revisions"}],"predecessor-version":[{"id":151,"href":"https:\/\/datacreak.com\/index.php\/wp-json\/wp\/v2\/pages\/76\/revisions\/151"}],"wp:featuredmedia":[{"embeddable":true,"href":"https:\/\/datacreak.com\/index.php\/wp-json\/wp\/v2\/media\/63"}],"wp:attachment":[{"href":"https:\/\/datacreak.com\/index.php\/wp-json\/wp\/v2\/media?parent=76"}],"curies":[{"name":"wp","href":"https:\/\/api.w.org\/{rel}","templated":true}]}}